{"id":13450,"date":"2023-08-22T13:44:12","date_gmt":"2023-08-22T13:44:12","guid":{"rendered":"https:\/\/artcasa.com.co\/?post_type=product&#038;p=13450"},"modified":"2026-04-19T00:03:19","modified_gmt":"2026-04-19T00:03:19","slug":"coleccion-bosforo","status":"publish","type":"product","link":"https:\/\/artcasa.com.co\/?product=coleccion-bosforo","title":{"rendered":"Colecci\u00f3n Bosforo"},"content":{"rendered":"<p>[vc_row][vc_column][vc_column_text]<\/p>\n<table width=\"464\">\n<tbody>\n<tr>\n<td colspan=\"4\" width=\"453\"><strong>TEJIDO PLANO DE URDIMBRE Y TRAMA<\/strong><\/td>\n<td width=\"0\"><\/td>\n<\/tr>\n<tr>\n<td rowspan=\"2\" width=\"135\"><strong>REFERENCIAS:<\/strong><\/td>\n<td rowspan=\"2\" width=\"105\">\n<p style=\"text-align: center;\"><strong>BOSFORO<\/strong><\/p>\n<\/td>\n<td rowspan=\"2\" width=\"110\">\n<p style=\"text-align: center;\"><strong>TOPKAPI<\/strong><\/p>\n<\/td>\n<td rowspan=\"2\" width=\"104\">\n<p style=\"text-align: center;\"><strong>GALATA<\/strong><\/p>\n<\/td>\n<td width=\"0\"><\/td>\n<\/tr>\n<tr>\n<td width=\"0\"><\/td>\n<\/tr>\n<tr>\n<td width=\"135\"><strong>ANCHO:<\/strong><\/td>\n<td width=\"105\">\n<p style=\"text-align: center;\">1,40 MTRS<\/p>\n<\/td>\n<td width=\"110\">\n<p style=\"text-align: center;\">1,40 MTRS<\/p>\n<\/td>\n<td width=\"104\">\n<p style=\"text-align: center;\">1,40 MTRS<\/p>\n<\/td>\n<td width=\"0\"><\/td>\n<\/tr>\n<tr>\n<td width=\"135\"><strong>COMPOSICI\u00d3N:<\/strong><\/td>\n<td width=\"105\">\n<p style=\"text-align: center;\">100% POLIOLEFINA<\/p>\n<\/td>\n<td width=\"110\">\n<p style=\"text-align: center;\">100% POLIOLEFINA<\/p>\n<\/td>\n<td width=\"104\">\n<p style=\"text-align: center;\">100% POLIESTER<\/p>\n<\/td>\n<td width=\"0\"><\/td>\n<\/tr>\n<tr>\n<td width=\"135\"><strong>PESO:<\/strong><\/td>\n<td width=\"105\">462 GR\/ML<\/td>\n<td width=\"110\">434 GR\/ML<\/td>\n<td width=\"104\">469 GR\/ML<\/td>\n<td width=\"0\"><\/td>\n<\/tr>\n<tr>\n<td width=\"135\"><strong>MARTINDALE:<\/strong><\/td>\n<td width=\"105\">\n<p style=\"text-align: center;\">59.000 CICLOS<\/p>\n<\/td>\n<td width=\"110\">\n<p style=\"text-align: center;\">44.000 CICLOS<\/p>\n<\/td>\n<td width=\"104\">20.000 CICLOS<\/td>\n<td width=\"0\"><\/td>\n<\/tr>\n<tr>\n<td width=\"135\"><strong>RESISTENCIA AL PILLING:<\/strong><\/td>\n<td colspan=\"3\" width=\"319\">\n<p style=\"text-align: center;\">4-5\u00a0 &#8211; EN ISO 12945-2 : 2000<\/p>\n<\/td>\n<td width=\"0\"><\/td>\n<\/tr>\n<tr>\n<td width=\"135\"><strong>SOLIDEZ DE LOS COLORES A LA LUZ:<\/strong><\/td>\n<td colspan=\"3\" width=\"319\">\n<p style=\"text-align: center;\">4-5\u00a0 &#8211; BS EN 105-B02 : 1994<\/p>\n<\/td>\n<td width=\"0\"><\/td>\n<\/tr>\n<tr>\n<td width=\"135\"><strong>TAMA\u00d1O DEL ROLLO:<\/strong><\/td>\n<td colspan=\"3\" width=\"319\">\n<p style=\"text-align: center;\">50 MTS APROX<\/p>\n<\/td>\n<td width=\"0\"><\/td>\n<\/tr>\n<tr>\n<td width=\"135\"><strong>ORIGEN:<\/strong><\/td>\n<td colspan=\"3\" width=\"319\">\n<p style=\"text-align: center;\">TURQUIA<\/p>\n<\/td>\n<td width=\"0\"><\/td>\n<\/tr>\n<tr>\n<td colspan=\"4\" width=\"453\">NOTA: LIGERO CAMBIO DE TONO EN DIFERENTES LOTES<\/td>\n<td width=\"0\"><\/td>\n<\/tr>\n<\/tbody>\n<\/table>\n<p>[\/vc_column_text][\/vc_column][\/vc_row][vc_row][vc_column][\/vc_column][\/vc_row]<\/p>\n","protected":false},"excerpt":{"rendered":"<p><strong>MANTENIMIENTO GENERAL<\/strong><\/p>\n<p>Aspirar el polvo y cepillar posteriormente con suavidad.<\/p>\n<p>MANCHAS: Absorber la mancha lo antes posible con un pa\u00f1o seco y limpiarla utilizando un pa\u00f1o empapado en agua tibia. Dejar secar al aire y evitar la exposici\u00f3n directa al sol.<\/p>\n<p>Se aconseja lavado en seco.<\/p>\n","protected":false},"featured_media":13470,"template":"","meta":[],"product_brand":[],"product_cat":[108,291],"product_tag":[113,131],"class_list":{"0":"post-13450","1":"product","2":"type-product","3":"status-publish","4":"has-post-thumbnail","6":"product_cat-tapiceria","7":"product_cat-telas-en-stock","8":"product_tag-tejido-plano","9":"product_tag-turquia","11":"first","12":"instock","13":"featured","14":"shipping-taxable","15":"product-type-variable"},"_links":{"self":[{"href":"https:\/\/artcasa.com.co\/index.php?rest_route=\/wp\/v2\/product\/13450","targetHints":{"allow":["GET"]}}],"collection":[{"href":"https:\/\/artcasa.com.co\/index.php?rest_route=\/wp\/v2\/product"}],"about":[{"href":"https:\/\/artcasa.com.co\/index.php?rest_route=\/wp\/v2\/types\/product"}],"wp:featuredmedia":[{"embeddable":true,"href":"https:\/\/artcasa.com.co\/index.php?rest_route=\/wp\/v2\/media\/13470"}],"wp:attachment":[{"href":"https:\/\/artcasa.com.co\/index.php?rest_route=%2Fwp%2Fv2%2Fmedia&parent=13450"}],"wp:term":[{"taxonomy":"product_brand","embeddable":true,"href":"https:\/\/artcasa.com.co\/index.php?rest_route=%2Fwp%2Fv2%2Fproduct_brand&post=13450"},{"taxonomy":"product_cat","embeddable":true,"href":"https:\/\/artcasa.com.co\/index.php?rest_route=%2Fwp%2Fv2%2Fproduct_cat&post=13450"},{"taxonomy":"product_tag","embeddable":true,"href":"https:\/\/artcasa.com.co\/index.php?rest_route=%2Fwp%2Fv2%2Fproduct_tag&post=13450"}],"curies":[{"name":"wp","href":"https:\/\/api.w.org\/{rel}","templated":true}]}}