{"id":13338,"date":"2022-06-09T21:36:19","date_gmt":"2022-06-09T21:36:19","guid":{"rendered":"https:\/\/artcasa.com.co\/?post_type=product&#038;p=13338"},"modified":"2026-04-19T00:03:16","modified_gmt":"2026-04-19T00:03:16","slug":"coleccion-oporto","status":"publish","type":"product","link":"https:\/\/artcasa.com.co\/?product=coleccion-oporto","title":{"rendered":"Colecci\u00f3n Oporto"},"content":{"rendered":"<p><strong>MANTENIMIENTO GENERAL<\/strong><\/p>\n<p>Aspira el polvo y cepillar posteriormente con suavidad.<\/p>\n<p>MANCHAS: Absorber la mancha lo antes posible con un pa\u00f1o seco y limpiarla utilizando un pa\u00f1o empapado en agua tibia. Dejar secar al aire y evitar la exposici\u00f3n directa al sol.<\/p>\n<p>Se aconseja lavado en seco.<\/p>\n<p><strong>IMPORTANTE: <\/strong>Los rollos de tela deben ser almacenados \u00fanicamente de forma horizontal, el almacenamiento vertical puede ocasionar da\u00f1os a la tela, los cuales no son cubiertos por la garant\u00eda.<\/p>\n","protected":false},"excerpt":{"rendered":"<table width=\"411\">\n<tbody>\n<tr>\n<td colspan=\"2\" width=\"411\">\n<p style=\"text-align: center;\"><strong>TEJIDO TIPO TERCIOPELO LABRADO<\/strong><\/p>\n<\/td>\n<\/tr>\n<tr>\n<td width=\"194\"><strong>ANCHO:<\/strong><\/td>\n<td width=\"217\">1.40 MTS<\/td>\n<\/tr>\n<tr>\n<td width=\"194\"><strong>COMPOSICION:<\/strong><\/td>\n<td width=\"217\">SUPERFICIE: 100% RAYON VISCOSA<\/p>\n<p>FONDO:\u00a0 100% POLYESTER<\/td>\n<\/tr>\n<tr>\n<td width=\"194\"><strong>PESO:<\/strong><\/td>\n<td width=\"217\">540 GR\/ML<\/td>\n<\/tr>\n<tr>\n<td width=\"194\"><strong>TAMA\u00d1O DEL ROLLO:<\/strong><\/td>\n<td width=\"217\">30 MTS APROX<\/td>\n<\/tr>\n<tr>\n<td width=\"194\"><strong>MARTINDALE:<\/strong><\/td>\n<td width=\"217\">40.000 CICLOS<\/td>\n<\/tr>\n<\/tbody>\n<\/table>\n<p><strong>\u00a0<\/strong>NOTA: LIGERO CAMBIO DE TONO EN DIFERENTES LOTES<\/p>\n","protected":false},"featured_media":13337,"template":"","meta":[],"product_brand":[],"product_cat":[108,291],"product_tag":[112,222],"class_list":{"0":"post-13338","1":"product","2":"type-product","3":"status-publish","4":"has-post-thumbnail","6":"product_cat-tapiceria","7":"product_cat-telas-en-stock","8":"product_tag-terciopelo","9":"product_tag-texturizado","11":"first","12":"instock","13":"shipping-taxable","14":"product-type-variable"},"_links":{"self":[{"href":"https:\/\/artcasa.com.co\/index.php?rest_route=\/wp\/v2\/product\/13338","targetHints":{"allow":["GET"]}}],"collection":[{"href":"https:\/\/artcasa.com.co\/index.php?rest_route=\/wp\/v2\/product"}],"about":[{"href":"https:\/\/artcasa.com.co\/index.php?rest_route=\/wp\/v2\/types\/product"}],"wp:featuredmedia":[{"embeddable":true,"href":"https:\/\/artcasa.com.co\/index.php?rest_route=\/wp\/v2\/media\/13337"}],"wp:attachment":[{"href":"https:\/\/artcasa.com.co\/index.php?rest_route=%2Fwp%2Fv2%2Fmedia&parent=13338"}],"wp:term":[{"taxonomy":"product_brand","embeddable":true,"href":"https:\/\/artcasa.com.co\/index.php?rest_route=%2Fwp%2Fv2%2Fproduct_brand&post=13338"},{"taxonomy":"product_cat","embeddable":true,"href":"https:\/\/artcasa.com.co\/index.php?rest_route=%2Fwp%2Fv2%2Fproduct_cat&post=13338"},{"taxonomy":"product_tag","embeddable":true,"href":"https:\/\/artcasa.com.co\/index.php?rest_route=%2Fwp%2Fv2%2Fproduct_tag&post=13338"}],"curies":[{"name":"wp","href":"https:\/\/api.w.org\/{rel}","templated":true}]}}