{"id":13160,"date":"2022-03-08T18:32:43","date_gmt":"2022-03-08T18:32:43","guid":{"rendered":"https:\/\/artcasa.com.co\/?post_type=product&#038;p=13160"},"modified":"2026-04-19T00:03:13","modified_gmt":"2026-04-19T00:03:13","slug":"coleccion-milano","status":"publish","type":"product","link":"https:\/\/artcasa.com.co\/?product=coleccion-milano","title":{"rendered":"Colecci\u00f3n Milano"},"content":{"rendered":"<p><strong>MANTENIMIENTO GENERAL<\/strong><\/p>\n<p>Aspira el polvo y cepillar suavemente en la direcci\u00f3n del pelo.<\/p>\n<p>MANCHAS: Absorber la mancha lo antes posible con un pa\u00f1o seco y limpiarla en el sentido del pelo con un pa\u00f1o empapado en jab\u00f3n neutro. Dejar secar y cepillar suavemente en la direcci\u00f3n del pelo. Evitar la exposici\u00f3n directa al sol.<\/p>\n","protected":false},"excerpt":{"rendered":"<table width=\"430\">\n<tbody>\n<tr>\n<td colspan=\"2\" width=\"430\">\n<p style=\"text-align: center;\"><strong>COLECCI\u00d3N: MILANO \u00a0<\/strong><\/p>\n<\/td>\n<\/tr>\n<tr>\n<td width=\"225\"><\/td>\n<td width=\"205\"><\/td>\n<\/tr>\n<tr>\n<td colspan=\"2\" width=\"430\">\n<p style=\"text-align: center;\"><strong>TIPO DE TELA: MICROCHENILLA<\/strong><\/p>\n<\/td>\n<\/tr>\n<tr>\n<td width=\"225\"><strong>ANCHO:<\/strong><\/td>\n<td width=\"205\">1.40 MTS<\/td>\n<\/tr>\n<tr>\n<td width=\"225\"><strong>COMPOSICI\u00d3N:<\/strong><\/td>\n<td width=\"205\">100% POLYESTER<\/td>\n<\/tr>\n<tr>\n<td width=\"225\"><strong>PESO:<\/strong><\/td>\n<td width=\"205\">490 GR\/ML<\/td>\n<\/tr>\n<tr>\n<td width=\"225\"><strong>TAMA\u00d1O DEL ROLLO:<\/strong><\/td>\n<td width=\"205\">45 MTS \u00a0APROX<\/td>\n<\/tr>\n<tr>\n<td width=\"225\"><strong>MARTINDALE:<\/strong><\/td>\n<td width=\"205\">40.000 CICLOS<\/td>\n<\/tr>\n<tr>\n<td width=\"225\"><strong>PROTECCION:<\/strong><\/td>\n<td width=\"205\">REPELENTE AL AGUA<\/td>\n<\/tr>\n<\/tbody>\n<\/table>\n<p>NOTA: LIGERO CAMBIO DE TONO EN DIFERENTES LOTES.<\/p>\n","protected":false},"featured_media":13169,"template":"","meta":[],"product_brand":[],"product_cat":[108,291],"product_tag":[240,721],"class_list":{"0":"post-13160","1":"product","2":"type-product","3":"status-publish","4":"has-post-thumbnail","6":"product_cat-tapiceria","7":"product_cat-telas-en-stock","8":"product_tag-backing-repelente-al-agua","9":"product_tag-microchenilla","11":"first","12":"instock","13":"shipping-taxable","14":"product-type-variable"},"_links":{"self":[{"href":"https:\/\/artcasa.com.co\/index.php?rest_route=\/wp\/v2\/product\/13160","targetHints":{"allow":["GET"]}}],"collection":[{"href":"https:\/\/artcasa.com.co\/index.php?rest_route=\/wp\/v2\/product"}],"about":[{"href":"https:\/\/artcasa.com.co\/index.php?rest_route=\/wp\/v2\/types\/product"}],"wp:featuredmedia":[{"embeddable":true,"href":"https:\/\/artcasa.com.co\/index.php?rest_route=\/wp\/v2\/media\/13169"}],"wp:attachment":[{"href":"https:\/\/artcasa.com.co\/index.php?rest_route=%2Fwp%2Fv2%2Fmedia&parent=13160"}],"wp:term":[{"taxonomy":"product_brand","embeddable":true,"href":"https:\/\/artcasa.com.co\/index.php?rest_route=%2Fwp%2Fv2%2Fproduct_brand&post=13160"},{"taxonomy":"product_cat","embeddable":true,"href":"https:\/\/artcasa.com.co\/index.php?rest_route=%2Fwp%2Fv2%2Fproduct_cat&post=13160"},{"taxonomy":"product_tag","embeddable":true,"href":"https:\/\/artcasa.com.co\/index.php?rest_route=%2Fwp%2Fv2%2Fproduct_tag&post=13160"}],"curies":[{"name":"wp","href":"https:\/\/api.w.org\/{rel}","templated":true}]}}