{"id":10919,"date":"2020-05-12T03:09:33","date_gmt":"2020-05-12T03:09:33","guid":{"rendered":"https:\/\/artcasa.com.co\/producto\/coleccion-arkansas\/"},"modified":"2026-04-19T00:03:07","modified_gmt":"2026-04-19T00:03:07","slug":"coleccion-arkansas","status":"publish","type":"product","link":"https:\/\/artcasa.com.co\/?product=coleccion-arkansas","title":{"rendered":"Colecci\u00f3n Arkansas"},"content":{"rendered":"<ul>\n<li>Aspira el polvo y cepillar posteriormente con suavidad.<\/li>\n<li>MANCHAS: Absorber la mancha lo antes posible con un pa\u00f1o seco y limpiarla utilizando un pa\u00f1o empapado en agua tibia. Dejar secar al aire y evitar la exposici\u00f3n directa al sol.<\/li>\n<li>Se aconseja lavado en seco.<\/li>\n<\/ul>\n","protected":false},"excerpt":{"rendered":"<table width=\"0\">\n<tbody>\n<tr>\n<td colspan=\"2\" width=\"401\"><strong>TEJIDO DE PUNTO TIPO TERCIOPELO<\/strong><\/td>\n<\/tr>\n<tr>\n<td width=\"225\"><strong>ANCHO:<\/strong><\/td>\n<td width=\"176\">1.40 MTS<\/td>\n<\/tr>\n<tr>\n<td width=\"225\"><strong>COMPOSICION:<\/strong><\/td>\n<td width=\"176\">100% POLYESTER<\/td>\n<\/tr>\n<tr>\n<td width=\"225\"><strong>PESO:<\/strong><\/td>\n<td width=\"176\">677 GR\/ML<\/td>\n<\/tr>\n<tr>\n<td width=\"225\"><strong>TAMA\u00d1O DEL ROLLO:<\/strong><\/td>\n<td width=\"176\">50 MTS<\/td>\n<\/tr>\n<tr>\n<td width=\"225\"><strong>MARTINDALE:<\/strong><\/td>\n<td width=\"176\">25.000 CICLOS<\/td>\n<\/tr>\n<tr>\n<td width=\"225\"><strong>PROTECCION:<\/strong><\/td>\n<td width=\"176\">REPELENTE AL AGUA<\/td>\n<\/tr>\n<tr>\n<td colspan=\"2\" width=\"401\"><strong>PET FRIENDLY: <\/strong>Tejido de punto en el que los hilos no pueden ser extra\u00eddos accidentalmente<\/td>\n<\/tr>\n<\/tbody>\n<\/table>\n<p>NOTA: LIGERO CAMBIO DE TONO EN DIFERENTES LOTES<\/p>\n","protected":false},"featured_media":10992,"template":"","meta":[],"product_brand":[],"product_cat":[108,291],"product_tag":[],"class_list":{"0":"post-10919","1":"product","2":"type-product","3":"status-publish","4":"has-post-thumbnail","6":"product_cat-tapiceria","7":"product_cat-telas-en-stock","9":"first","10":"instock","11":"shipping-taxable","12":"product-type-variable"},"_links":{"self":[{"href":"https:\/\/artcasa.com.co\/index.php?rest_route=\/wp\/v2\/product\/10919","targetHints":{"allow":["GET"]}}],"collection":[{"href":"https:\/\/artcasa.com.co\/index.php?rest_route=\/wp\/v2\/product"}],"about":[{"href":"https:\/\/artcasa.com.co\/index.php?rest_route=\/wp\/v2\/types\/product"}],"wp:featuredmedia":[{"embeddable":true,"href":"https:\/\/artcasa.com.co\/index.php?rest_route=\/wp\/v2\/media\/10992"}],"wp:attachment":[{"href":"https:\/\/artcasa.com.co\/index.php?rest_route=%2Fwp%2Fv2%2Fmedia&parent=10919"}],"wp:term":[{"taxonomy":"product_brand","embeddable":true,"href":"https:\/\/artcasa.com.co\/index.php?rest_route=%2Fwp%2Fv2%2Fproduct_brand&post=10919"},{"taxonomy":"product_cat","embeddable":true,"href":"https:\/\/artcasa.com.co\/index.php?rest_route=%2Fwp%2Fv2%2Fproduct_cat&post=10919"},{"taxonomy":"product_tag","embeddable":true,"href":"https:\/\/artcasa.com.co\/index.php?rest_route=%2Fwp%2Fv2%2Fproduct_tag&post=10919"}],"curies":[{"name":"wp","href":"https:\/\/api.w.org\/{rel}","templated":true}]}}