{"id":10808,"date":"2020-04-09T02:55:52","date_gmt":"2020-04-09T02:55:52","guid":{"rendered":"https:\/\/elfolder.com\/artcasa\/?post_type=product&#038;p=10808"},"modified":"2026-04-19T00:03:06","modified_gmt":"2026-04-19T00:03:06","slug":"tempotest","status":"publish","type":"product","link":"https:\/\/artcasa.com.co\/?product=tempotest","title":{"rendered":"Tempotest 120"},"content":{"rendered":"<p><strong>Urdimbre\u00a0\u00a0 \u00a0\u00a0\u00a0\u00a0\u00a0\u00a0\u00a0\u00a0\u00a0\u00a0 I \u00a0\u00a0\u00a0\u00a0\u00a0\u00a0\u00a0\u00a0\u00a0\u00a0\u00a0\u00a0\u00a0\u00a0\u00a0 \u00a0\u00a0\u00a0Trama <\/strong><\/p>\n<p>31 hilos\/cm\u00a0\u00a0\u00a0\u00a0\u00a0\u00a0\u00a0\u00a0\u00a0\u00a0\u00a0\u00a0\u00a0\u00a0\u00a0\u00a0\u00a0\u00a0\u00a0\u00a0\u00a0\u00a0\u00a0\u00a0\u00a0\u00a0 14 hilos\/cm<\/p>\n<p>T\u00edtulo Ne 20 \/ 2\u00a0\u00a0\u00a0\u00a0\u00a0\u00a0\u00a0\u00a0\u00a0\u00a0\u00a0\u00a0\u00a0\u00a0\u00a0\u00a0\u00a0\u00a0\u00a0 t\u00edtulo Ne 20 \/ 2<\/p>\n<hr \/>\n<p><strong>Espesor <\/strong><\/p>\n<p>0.56mm<\/p>\n<hr \/>\n<p><strong>Columna de agua <\/strong><\/p>\n<p><strong>(UNI EN 20811) <\/strong><\/p>\n<p>350mm<\/p>\n<hr \/>\n<p><strong>Impermeabilidad <\/strong><\/p>\n<p><strong>(UNI EN 20811) <\/strong><\/p>\n<p>Spray Test<\/p>\n<p>5 (100)<\/p>\n<hr \/>\n<p><strong>Oleorepelencia<\/strong><\/p>\n<p><strong>(AATCC118) <\/strong><\/p>\n<p>Grado 5<\/p>\n<hr \/>\n<p><strong>Te\u00f1ido en masa <\/strong><\/p>\n<p>Fibras te\u00f1idas previamente a la elaboraci\u00f3n del hilo que permiten dar una garant\u00eda por 8 a\u00f1os por p\u00e9rdida de color, estando la tela en la intemperie.<\/p>\n<hr \/>\n<p><strong>Solidez a la luz <\/strong><\/p>\n<p>Grado 7\/8\u00a0 &#8211; 8<\/p>\n<p>Escala de azules<\/p>\n<p>(UNI EN ISO 105 \u2013 B02)<\/p>\n<p>(UNI EN ISO 105 \u2013 B04)<\/p>\n<p>Grado 4 \/ 5<\/p>\n<p>Escala de grises<\/p>\n<p>Despu\u00e9s de 1000 horas de exposici\u00f3n<\/p>\n<p>(UNI EN ISO 105 B 04)<\/p>\n<hr \/>\n<p><strong>Resistencia a la tracci\u00f3n <\/strong><\/p>\n<p><strong>(UNI EN ISO 13934 -1) <\/strong><\/p>\n<p>Urdimbre: 1700 Newton<\/p>\n<p>Alargamiento: 30.5%<\/p>\n<p>Trama :1000 Newton<\/p>\n<p>Alargamiento: 24.5%<strong>\u00a0<\/strong><\/p>\n<hr \/>\n<p><strong>HI-CLEAN\u00a0 <\/strong><\/p>\n<p>Tratamiento especial hecho por part\u00edculas microm\u00e9tricas en equipo con Dupont \u2122 Teflon \u00ae que les da las siguientes caracter\u00edsticas:<\/p>\n<ul>\n<li>Repelencia a la formaci\u00f3n de suciedad.<\/li>\n<li>Hidro \u2013 oleorepelencia a largo plazo.<\/li>\n<li>Excelente estabilidad dimensional.<\/li>\n<\/ul>\n<p><img fetchpriority=\"high\" decoding=\"async\" class=\"alignnone wp-image-11427\" src=\"https:\/\/artcasa.com.co\/wp-content\/uploads\/2020\/04\/TEMPOTEST-1.jpg\" alt=\"\" width=\"287\" height=\"193\" \/><\/p>\n<p>&nbsp;<\/p>\n","protected":false},"excerpt":{"rendered":"<table>\n<tbody>\n<tr>\n<td><b>Composici\u00f3n<\/b><\/td>\n<td><span style=\"font-weight: 400;\">100% Fibra acr\u00edlica <\/span><span style=\"font-weight: 400;\"><br \/>\n<\/span><span style=\"font-weight: 400;\">\u201coutdoor\u201d tintada en masa<\/span><\/td>\n<\/tr>\n<tr>\n<td><b>Construcci\u00f3n del tejido<\/b><\/td>\n<td><span style=\"font-weight: 400;\">(UNI 8099\/80)<\/span><\/td>\n<\/tr>\n<tr>\n<td><b>Ancho (UNI EN 1773\/98)<\/b><\/td>\n<td><span style=\"font-weight: 400;\">120 cm<\/span><\/td>\n<\/tr>\n<tr>\n<td><b>Peso (UNI EN 5114\/82)<\/b><\/td>\n<td><span style=\"font-weight: 400;\">300gr \/ <\/span><span style=\"font-weight: 400;\">m\u00b2 (+\/- 5%)<\/span><\/td>\n<\/tr>\n<tr>\n<td><b>Espesor<\/b><\/td>\n<td><span style=\"font-weight: 400;\">0.56mm<\/span><\/td>\n<\/tr>\n<tr>\n<td><b>Pa\u00eds<\/b><\/td>\n<td><span style=\"font-weight: 400;\">Italia<\/span><\/td>\n<\/tr>\n<\/tbody>\n<\/table>\n","protected":false},"featured_media":11424,"template":"","meta":[],"product_brand":[],"product_cat":[291,308],"product_tag":[],"class_list":{"0":"post-10808","1":"product","2":"type-product","3":"status-publish","4":"has-post-thumbnail","6":"product_cat-telas-en-stock","7":"product_cat-tela-exterior","9":"first","10":"instock","11":"shipping-taxable","12":"product-type-variable"},"_links":{"self":[{"href":"https:\/\/artcasa.com.co\/index.php?rest_route=\/wp\/v2\/product\/10808","targetHints":{"allow":["GET"]}}],"collection":[{"href":"https:\/\/artcasa.com.co\/index.php?rest_route=\/wp\/v2\/product"}],"about":[{"href":"https:\/\/artcasa.com.co\/index.php?rest_route=\/wp\/v2\/types\/product"}],"wp:featuredmedia":[{"embeddable":true,"href":"https:\/\/artcasa.com.co\/index.php?rest_route=\/wp\/v2\/media\/11424"}],"wp:attachment":[{"href":"https:\/\/artcasa.com.co\/index.php?rest_route=%2Fwp%2Fv2%2Fmedia&parent=10808"}],"wp:term":[{"taxonomy":"product_brand","embeddable":true,"href":"https:\/\/artcasa.com.co\/index.php?rest_route=%2Fwp%2Fv2%2Fproduct_brand&post=10808"},{"taxonomy":"product_cat","embeddable":true,"href":"https:\/\/artcasa.com.co\/index.php?rest_route=%2Fwp%2Fv2%2Fproduct_cat&post=10808"},{"taxonomy":"product_tag","embeddable":true,"href":"https:\/\/artcasa.com.co\/index.php?rest_route=%2Fwp%2Fv2%2Fproduct_tag&post=10808"}],"curies":[{"name":"wp","href":"https:\/\/api.w.org\/{rel}","templated":true}]}}