{"id":10455,"date":"2020-05-05T17:34:34","date_gmt":"2020-05-05T17:34:34","guid":{"rendered":"https:\/\/elfolder.com\/artcasa\/?post_type=product&#038;p=10455"},"modified":"2026-04-19T00:03:05","modified_gmt":"2026-04-19T00:03:05","slug":"coleccion-nasca","status":"publish","type":"product","link":"https:\/\/artcasa.com.co\/?product=coleccion-nasca","title":{"rendered":"Colecci\u00f3n Nasca"},"content":{"rendered":"<ul>\n<li>Aspira el polvo y cepillar posteriormente con suavidad.<\/li>\n<li><strong>MANCHAS<\/strong>: Absorber la mancha lo antes posible con un pa\u00f1o seco y limpiarla utilizando un pa\u00f1o empapado en agua tibia. Dejar secar al aire y evitar la exposici\u00f3n directa al sol.<br \/>\nSe aconseja lavado en seco.<\/li>\n<\/ul>\n","protected":false},"excerpt":{"rendered":"<p><span class=\"tipo-de-tejido lino-tejido-plano\" style=\"color: #b3a791;\"><span class=\"attribute-value\"><strong>Tipo de tejido:<\/strong> Lino<\/span><\/span><\/p>\n<table width=\"401\">\n<tbody>\n<tr>\n<td width=\"225\"><strong>Ancho:<\/strong><\/td>\n<td width=\"176\">1.40 mts<\/td>\n<\/tr>\n<tr>\n<td width=\"225\"><strong>Composici\u00f3n:<\/strong><\/td>\n<td width=\"176\">100% Polyester<\/td>\n<\/tr>\n<tr>\n<td width=\"225\"><strong>Peso:<\/strong><\/td>\n<td width=\"176\">630 gr\/ml<\/td>\n<\/tr>\n<tr>\n<td width=\"225\"><strong>Tama\u00f1o del rollo:<\/strong><\/td>\n<td width=\"176\">50 mts<\/td>\n<\/tr>\n<tr>\n<td width=\"225\"><strong>Martindale:<\/strong><\/td>\n<td width=\"176\">25.000 Ciclos<\/td>\n<\/tr>\n<tr>\n<td width=\"225\"><strong>Protecci\u00f3n:<\/strong><\/td>\n<td width=\"176\">Repelente al agua<\/td>\n<\/tr>\n<\/tbody>\n<\/table>\n<blockquote><p><span class=\"custom-attributes\"><span style=\"color: #808080;\"><em><span class=\"nota ligero-cambio-de-tono-en-diferentes-lotes\"><span class=\"attribute-value\">Ligero cambio de tono en diferentes lotes.<\/span><\/span><\/em><\/span><\/span><\/p><\/blockquote>\n","protected":false},"featured_media":10691,"template":"","meta":[],"product_brand":[],"product_cat":[108,291],"product_tag":[240,230,144,132,113],"class_list":{"0":"post-10455","1":"product","2":"type-product","3":"status-publish","4":"has-post-thumbnail","6":"product_cat-tapiceria","7":"product_cat-telas-en-stock","8":"product_tag-backing-repelente-al-agua","9":"product_tag-esmerilado","10":"product_tag-lino","11":"product_tag-lisos","12":"product_tag-tejido-plano","14":"first","15":"instock","16":"shipping-taxable","17":"product-type-variable"},"_links":{"self":[{"href":"https:\/\/artcasa.com.co\/index.php?rest_route=\/wp\/v2\/product\/10455","targetHints":{"allow":["GET"]}}],"collection":[{"href":"https:\/\/artcasa.com.co\/index.php?rest_route=\/wp\/v2\/product"}],"about":[{"href":"https:\/\/artcasa.com.co\/index.php?rest_route=\/wp\/v2\/types\/product"}],"wp:featuredmedia":[{"embeddable":true,"href":"https:\/\/artcasa.com.co\/index.php?rest_route=\/wp\/v2\/media\/10691"}],"wp:attachment":[{"href":"https:\/\/artcasa.com.co\/index.php?rest_route=%2Fwp%2Fv2%2Fmedia&parent=10455"}],"wp:term":[{"taxonomy":"product_brand","embeddable":true,"href":"https:\/\/artcasa.com.co\/index.php?rest_route=%2Fwp%2Fv2%2Fproduct_brand&post=10455"},{"taxonomy":"product_cat","embeddable":true,"href":"https:\/\/artcasa.com.co\/index.php?rest_route=%2Fwp%2Fv2%2Fproduct_cat&post=10455"},{"taxonomy":"product_tag","embeddable":true,"href":"https:\/\/artcasa.com.co\/index.php?rest_route=%2Fwp%2Fv2%2Fproduct_tag&post=10455"}],"curies":[{"name":"wp","href":"https:\/\/api.w.org\/{rel}","templated":true}]}}