{"id":10440,"date":"2020-05-07T16:40:06","date_gmt":"2020-05-07T16:40:06","guid":{"rendered":"https:\/\/elfolder.com\/artcasa\/?post_type=product&#038;p=10440"},"modified":"2026-04-19T00:03:05","modified_gmt":"2026-04-19T00:03:05","slug":"coleccion-napa","status":"publish","type":"product","link":"https:\/\/artcasa.com.co\/?product=coleccion-napa","title":{"rendered":"Colecci\u00f3n Napa"},"content":{"rendered":"<ul>\n<li>Limpiar con un pa\u00f1o h\u00famedo suavemente.<\/li>\n<li><strong>MANCHAS<\/strong>: Absorber la mancha lo antes posible con un pa\u00f1o seco y limpiarla utilizando un pa\u00f1o empapado en agua tibia. Dejar secar al aire y evitar la exposici\u00f3n directa al sol.<\/li>\n<\/ul>\n","protected":false},"excerpt":{"rendered":"<p><span class=\"tipo-de-tejido lino-tejido-plano\" style=\"color: #b3a791;\"><span class=\"attribute-value\"><strong>Tipo de tejido:<\/strong> Microfibra tipo cuero, Tejido de punto<\/span><\/span><\/p>\n<table width=\"430\">\n<tbody>\n<tr>\n<td width=\"225\"><strong>Ancho:<\/strong><\/td>\n<td width=\"205\">1.40 mts<\/td>\n<\/tr>\n<tr>\n<td width=\"225\"><strong>Composici\u00f3n capa superior :<\/strong><\/td>\n<td width=\"205\">95% Polyester,\u00a0 5% Poliuretano<\/td>\n<\/tr>\n<tr>\n<td width=\"225\"><strong>Peso:<\/strong><\/td>\n<td width=\"205\">790 gr\/ml<\/td>\n<\/tr>\n<tr>\n<td width=\"225\"><strong>Tama\u00f1o del rollo:<\/strong><\/td>\n<td width=\"205\">30 mts<\/td>\n<\/tr>\n<tr>\n<td width=\"225\"><strong>Martindale:<\/strong><\/td>\n<td width=\"205\">40.000 Ciclos<\/td>\n<\/tr>\n<tr>\n<td width=\"225\"><strong>Solidez del color:<\/strong><\/td>\n<td width=\"205\">Al frotar: 4\/5 en ISO 105-X12 A la luz : 3\/4 en ISO 105-B02<\/td>\n<\/tr>\n<tr>\n<td width=\"225\"><strong>Pilling:<\/strong><\/td>\n<td width=\"205\">4 en ISO 12945-2:2000<\/td>\n<\/tr>\n<\/tbody>\n<\/table>\n<blockquote><p><span class=\"custom-attributes\"><span style=\"color: #808080;\"><em><span class=\"nota ligero-cambio-de-tono-en-diferentes-lotes\"><span class=\"attribute-value\">Ligero cambio de tono en diferentes lotes.<\/span><\/span><\/em><\/span><\/span><\/p><\/blockquote>\n","protected":false},"featured_media":10687,"template":"","meta":[],"product_brand":[],"product_cat":[108,291],"product_tag":[145,230,132,193],"class_list":{"0":"post-10440","1":"product","2":"type-product","3":"status-publish","4":"has-post-thumbnail","6":"product_cat-tapiceria","7":"product_cat-telas-en-stock","8":"product_tag-backing","9":"product_tag-esmerilado","10":"product_tag-lisos","11":"product_tag-tejido-de-punto","13":"first","14":"instock","15":"shipping-taxable","16":"product-type-variable"},"_links":{"self":[{"href":"https:\/\/artcasa.com.co\/index.php?rest_route=\/wp\/v2\/product\/10440","targetHints":{"allow":["GET"]}}],"collection":[{"href":"https:\/\/artcasa.com.co\/index.php?rest_route=\/wp\/v2\/product"}],"about":[{"href":"https:\/\/artcasa.com.co\/index.php?rest_route=\/wp\/v2\/types\/product"}],"wp:featuredmedia":[{"embeddable":true,"href":"https:\/\/artcasa.com.co\/index.php?rest_route=\/wp\/v2\/media\/10687"}],"wp:attachment":[{"href":"https:\/\/artcasa.com.co\/index.php?rest_route=%2Fwp%2Fv2%2Fmedia&parent=10440"}],"wp:term":[{"taxonomy":"product_brand","embeddable":true,"href":"https:\/\/artcasa.com.co\/index.php?rest_route=%2Fwp%2Fv2%2Fproduct_brand&post=10440"},{"taxonomy":"product_cat","embeddable":true,"href":"https:\/\/artcasa.com.co\/index.php?rest_route=%2Fwp%2Fv2%2Fproduct_cat&post=10440"},{"taxonomy":"product_tag","embeddable":true,"href":"https:\/\/artcasa.com.co\/index.php?rest_route=%2Fwp%2Fv2%2Fproduct_tag&post=10440"}],"curies":[{"name":"wp","href":"https:\/\/api.w.org\/{rel}","templated":true}]}}