{"id":10425,"date":"2020-04-02T16:21:34","date_gmt":"2020-04-02T16:21:34","guid":{"rendered":"https:\/\/elfolder.com\/artcasa\/?post_type=product&#038;p=10425"},"modified":"2026-04-19T00:03:04","modified_gmt":"2026-04-19T00:03:04","slug":"coleccion-monaco","status":"publish","type":"product","link":"https:\/\/artcasa.com.co\/?product=coleccion-monaco","title":{"rendered":"Colecci\u00f3n M\u00f3naco"},"content":{"rendered":"<ul>\n<li>Aspira el polvo y cepillar suavemente.<\/li>\n<li><strong>MANCHAS<\/strong>: Absorber la mancha lo antes posible con un pa\u00f1o seco y limpiarla utilizando pa\u00f1o empapado en jab\u00f3n neutro con agua tibia. Dejar secar al aire y evitar la exposici\u00f3n directa al sol. Se aconseja lavado en seco.<\/li>\n<\/ul>\n","protected":false},"excerpt":{"rendered":"<p><span class=\"tipo-de-tejido lino-tejido-plano\" style=\"color: #b3a791;\"><span class=\"attribute-value\"><strong>Tipo de tejido:<\/strong> Tejido de punto, Terciopelo<\/span><\/span><\/p>\n<table width=\"401\">\n<tbody>\n<tr>\n<td width=\"225\"><strong>Ancho:<\/strong><\/td>\n<td width=\"176\">1.40 mts<\/td>\n<\/tr>\n<tr>\n<td width=\"225\"><strong>Composici\u00f3n: <\/strong><\/td>\n<td width=\"176\">100% Polyester<\/td>\n<\/tr>\n<tr>\n<td width=\"225\"><strong>Peso: <\/strong><\/td>\n<td width=\"176\">577 gr\/ml<\/td>\n<\/tr>\n<tr>\n<td width=\"225\"><strong>Tama\u00f1o del rollo<\/strong><\/td>\n<td width=\"176\">50 mts<\/td>\n<\/tr>\n<tr>\n<td width=\"225\"><strong>Martindale:<\/strong><\/td>\n<td width=\"176\">&gt;30.000 ciclos<\/td>\n<\/tr>\n<tr>\n<td width=\"225\"><strong>Protecci\u00f3n:<\/strong><\/td>\n<td width=\"176\">Repelente al agua<\/td>\n<\/tr>\n<\/tbody>\n<\/table>\n<blockquote><p><span class=\"custom-attributes\"><span style=\"color: #808080;\"><em><span class=\"nota ligero-cambio-de-tono-en-diferentes-lotes\"><span class=\"attribute-value\">Ligero cambio de tono en diferentes lotes.<\/span><\/span><\/em><\/span><\/span><\/p><\/blockquote>\n","protected":false},"featured_media":10679,"template":"","meta":[],"product_brand":[],"product_cat":[108,291],"product_tag":[145,132,214,113,222],"class_list":{"0":"post-10425","1":"product","2":"type-product","3":"status-publish","4":"has-post-thumbnail","6":"product_cat-tapiceria","7":"product_cat-telas-en-stock","8":"product_tag-backing","9":"product_tag-lisos","10":"product_tag-repelente-al-agua","11":"product_tag-tejido-plano","12":"product_tag-texturizado","14":"first","15":"instock","16":"shipping-taxable","17":"product-type-variable"},"_links":{"self":[{"href":"https:\/\/artcasa.com.co\/index.php?rest_route=\/wp\/v2\/product\/10425","targetHints":{"allow":["GET"]}}],"collection":[{"href":"https:\/\/artcasa.com.co\/index.php?rest_route=\/wp\/v2\/product"}],"about":[{"href":"https:\/\/artcasa.com.co\/index.php?rest_route=\/wp\/v2\/types\/product"}],"wp:featuredmedia":[{"embeddable":true,"href":"https:\/\/artcasa.com.co\/index.php?rest_route=\/wp\/v2\/media\/10679"}],"wp:attachment":[{"href":"https:\/\/artcasa.com.co\/index.php?rest_route=%2Fwp%2Fv2%2Fmedia&parent=10425"}],"wp:term":[{"taxonomy":"product_brand","embeddable":true,"href":"https:\/\/artcasa.com.co\/index.php?rest_route=%2Fwp%2Fv2%2Fproduct_brand&post=10425"},{"taxonomy":"product_cat","embeddable":true,"href":"https:\/\/artcasa.com.co\/index.php?rest_route=%2Fwp%2Fv2%2Fproduct_cat&post=10425"},{"taxonomy":"product_tag","embeddable":true,"href":"https:\/\/artcasa.com.co\/index.php?rest_route=%2Fwp%2Fv2%2Fproduct_tag&post=10425"}],"curies":[{"name":"wp","href":"https:\/\/api.w.org\/{rel}","templated":true}]}}