{"id":10401,"date":"2020-04-03T20:07:22","date_gmt":"2020-04-03T20:07:22","guid":{"rendered":"https:\/\/elfolder.com\/artcasa\/?post_type=product&#038;p=10401"},"modified":"2026-04-19T00:03:03","modified_gmt":"2026-04-19T00:03:03","slug":"coleccion-mila","status":"publish","type":"product","link":"https:\/\/artcasa.com.co\/?product=coleccion-mila","title":{"rendered":"Colecci\u00f3n Mila"},"content":{"rendered":"<p>Aspira el polvo y cepillar posteriormente con suavidad.<br \/>\nMANCHAS: Absorber la mancha lo antes posible con un pa\u00f1o seco y limpiarla utilizando un pa\u00f1o empapado en agua tibia. Dejar secar al aire y evitar la exposici\u00f3n directa al sol.<\/p>\n<p>Se aconseja lavado en seco.<\/p>\n","protected":false},"excerpt":{"rendered":"<p><span class=\"tipo-de-tejido lino-tejido-plano\" style=\"color: #b3a791;\"><span class=\"attribute-value\"><strong>Tipo de tejido:<\/strong> Tejido de punto, Terciopelo<br \/>\n<\/span><\/span><\/p>\n<table width=\"0\">\n<tbody>\n<tr>\n<td width=\"225\"><strong>ANCHO:<\/strong><\/td>\n<td width=\"176\">1.40 MTS<\/td>\n<\/tr>\n<tr>\n<td width=\"225\"><strong>COMPOSICION:<\/strong><\/td>\n<td width=\"176\">100% POLYESTER<\/td>\n<\/tr>\n<tr>\n<td width=\"225\"><strong>PESO:<\/strong><\/td>\n<td width=\"176\">490 GR\/ML<\/td>\n<\/tr>\n<tr>\n<td width=\"225\"><strong>TAMA\u00d1O DEL ROLLO:<\/strong><\/td>\n<td width=\"176\">50 MTS<\/td>\n<\/tr>\n<tr>\n<td width=\"225\"><strong>MARTINDALE:<\/strong><\/td>\n<td width=\"176\">20.000 CICLOS<\/td>\n<\/tr>\n<tr>\n<td width=\"225\"><strong>PROTECCION:<\/strong><\/td>\n<td width=\"176\">REPELENTE AL AGUA<\/td>\n<\/tr>\n<tr>\n<td colspan=\"2\" width=\"401\"><strong>PET FRIENDLY: <\/strong>Tejido de punto en el que los hilos no pueden ser extra\u00eddos accidentalmente<\/td>\n<\/tr>\n<\/tbody>\n<\/table>\n<blockquote><p><span class=\"custom-attributes\"><span style=\"color: #808080;\"><em><span class=\"nota ligero-cambio-de-tono-en-diferentes-lotes\"><span class=\"attribute-value\">Ligero cambio de tono en diferentes lotes.<\/span><\/span><\/em><\/span><\/span><\/p><\/blockquote>\n","protected":false},"featured_media":13605,"template":"","meta":[],"product_brand":[],"product_cat":[108,291],"product_tag":[145,132,214,112],"class_list":{"0":"post-10401","1":"product","2":"type-product","3":"status-publish","4":"has-post-thumbnail","6":"product_cat-tapiceria","7":"product_cat-telas-en-stock","8":"product_tag-backing","9":"product_tag-lisos","10":"product_tag-repelente-al-agua","11":"product_tag-terciopelo","13":"first","14":"instock","15":"featured","16":"shipping-taxable","17":"product-type-variable"},"_links":{"self":[{"href":"https:\/\/artcasa.com.co\/index.php?rest_route=\/wp\/v2\/product\/10401","targetHints":{"allow":["GET"]}}],"collection":[{"href":"https:\/\/artcasa.com.co\/index.php?rest_route=\/wp\/v2\/product"}],"about":[{"href":"https:\/\/artcasa.com.co\/index.php?rest_route=\/wp\/v2\/types\/product"}],"wp:featuredmedia":[{"embeddable":true,"href":"https:\/\/artcasa.com.co\/index.php?rest_route=\/wp\/v2\/media\/13605"}],"wp:attachment":[{"href":"https:\/\/artcasa.com.co\/index.php?rest_route=%2Fwp%2Fv2%2Fmedia&parent=10401"}],"wp:term":[{"taxonomy":"product_brand","embeddable":true,"href":"https:\/\/artcasa.com.co\/index.php?rest_route=%2Fwp%2Fv2%2Fproduct_brand&post=10401"},{"taxonomy":"product_cat","embeddable":true,"href":"https:\/\/artcasa.com.co\/index.php?rest_route=%2Fwp%2Fv2%2Fproduct_cat&post=10401"},{"taxonomy":"product_tag","embeddable":true,"href":"https:\/\/artcasa.com.co\/index.php?rest_route=%2Fwp%2Fv2%2Fproduct_tag&post=10401"}],"curies":[{"name":"wp","href":"https:\/\/api.w.org\/{rel}","templated":true}]}}