{"id":10354,"date":"2020-04-07T15:40:55","date_gmt":"2020-04-07T15:40:55","guid":{"rendered":"https:\/\/elfolder.com\/artcasa\/?post_type=product&#038;p=10354"},"modified":"2026-04-19T00:03:07","modified_gmt":"2026-04-19T00:03:07","slug":"coleccion-vitali","status":"publish","type":"product","link":"https:\/\/artcasa.com.co\/?product=coleccion-vitali","title":{"rendered":"Colecci\u00f3n Vitali"},"content":{"rendered":"<ul>\n<li>Limpiar con un pa\u00f1o h\u00famedo suavemente.<\/li>\n<li><strong>MANCHAS<\/strong>: Absorber la mancha lo antes posible con un pa\u00f1o seco y limpiarla utilizando un pa\u00f1o empapado en agua tibia. Dejar secar al aire y evitar la exposici\u00f3n directa al sol.<\/li>\n<\/ul>\n","protected":false},"excerpt":{"rendered":"<table width=\"264\">\n<tbody>\n<tr>\n<td width=\"139\"><strong>REFERENCIA<\/strong><\/td>\n<td width=\"125\"><strong>VITALI<\/strong><\/td>\n<\/tr>\n<tr>\n<td width=\"139\">COMPOSICION:<\/td>\n<td width=\"125\">98% POLYESTER \u00a02%ALGODON<\/td>\n<\/tr>\n<tr>\n<td width=\"139\">ANCHO:<\/td>\n<td width=\"125\">300 cm<\/td>\n<\/tr>\n<tr>\n<td width=\"139\">PESO GR\/ML:<\/td>\n<td width=\"125\">318 gr\/ml<\/td>\n<\/tr>\n<tr>\n<td width=\"139\">PAIS DE ORIGEN:<\/td>\n<td width=\"125\">ESPA\u00d1A<\/td>\n<\/tr>\n<\/tbody>\n<\/table>\n","protected":false},"featured_media":10842,"template":"","meta":[],"product_brand":[],"product_cat":[258,291],"product_tag":[259],"class_list":{"0":"post-10354","1":"product","2":"type-product","3":"status-publish","4":"has-post-thumbnail","6":"product_cat-cortineria","7":"product_cat-telas-en-stock","8":"product_tag-velos","10":"first","11":"instock","12":"shipping-taxable","13":"product-type-variable"},"_links":{"self":[{"href":"https:\/\/artcasa.com.co\/index.php?rest_route=\/wp\/v2\/product\/10354","targetHints":{"allow":["GET"]}}],"collection":[{"href":"https:\/\/artcasa.com.co\/index.php?rest_route=\/wp\/v2\/product"}],"about":[{"href":"https:\/\/artcasa.com.co\/index.php?rest_route=\/wp\/v2\/types\/product"}],"wp:featuredmedia":[{"embeddable":true,"href":"https:\/\/artcasa.com.co\/index.php?rest_route=\/wp\/v2\/media\/10842"}],"wp:attachment":[{"href":"https:\/\/artcasa.com.co\/index.php?rest_route=%2Fwp%2Fv2%2Fmedia&parent=10354"}],"wp:term":[{"taxonomy":"product_brand","embeddable":true,"href":"https:\/\/artcasa.com.co\/index.php?rest_route=%2Fwp%2Fv2%2Fproduct_brand&post=10354"},{"taxonomy":"product_cat","embeddable":true,"href":"https:\/\/artcasa.com.co\/index.php?rest_route=%2Fwp%2Fv2%2Fproduct_cat&post=10354"},{"taxonomy":"product_tag","embeddable":true,"href":"https:\/\/artcasa.com.co\/index.php?rest_route=%2Fwp%2Fv2%2Fproduct_tag&post=10354"}],"curies":[{"name":"wp","href":"https:\/\/api.w.org\/{rel}","templated":true}]}}