{"id":10284,"date":"2020-04-10T16:54:37","date_gmt":"2020-04-10T16:54:37","guid":{"rendered":"https:\/\/elfolder.com\/artcasa\/?post_type=product&#038;p=10284"},"modified":"2026-04-19T00:03:02","modified_gmt":"2026-04-19T00:03:02","slug":"coleccion-brescia","status":"publish","type":"product","link":"https:\/\/artcasa.com.co\/?product=coleccion-brescia","title":{"rendered":"Colecci\u00f3n Brescia"},"content":{"rendered":"<ul>\n<li>Aspirar el polvo y cepillar posteriormente con suavidad.<\/li>\n<li><strong>MANCHAS<\/strong>: Absorber la mancha lo antes posible con un pa\u00f1o seco y limpiarla utilizando un pa\u00f1o empapado en jab\u00f3n neutro con agua tibia. Dejar secar al aire y evitar la exposici\u00f3n directa al sol.\u00a0 Se aconseja lavado en seco.<\/li>\n<\/ul>\n","protected":false},"excerpt":{"rendered":"<table width=\"401\">\n<tbody>\n<tr>\n<td colspan=\"2\" width=\"401\"><strong>TEJIDO TIPO LINO<\/strong><\/td>\n<\/tr>\n<tr>\n<td width=\"225\"><strong>ANCHO:<\/strong><\/td>\n<td width=\"176\">1.45 CMS<\/td>\n<\/tr>\n<tr>\n<td width=\"225\"><strong>COMPOSICION:<\/strong><\/td>\n<td width=\"176\">100% POLIESTER<\/td>\n<\/tr>\n<tr>\n<td width=\"225\"><strong>PESO:<\/strong><\/td>\n<td width=\"176\">406 GR\/ML<\/td>\n<\/tr>\n<tr>\n<td width=\"225\"><strong>TAMA\u00d1O DEL ROLLO:<\/strong><\/td>\n<td width=\"176\"><\/td>\n<\/tr>\n<tr>\n<td width=\"225\"><strong>MARTINDALE:<\/strong><\/td>\n<td width=\"176\">35.000 CICLOS<\/td>\n<\/tr>\n<\/tbody>\n<\/table>\n","protected":false},"featured_media":10602,"template":"","meta":[],"product_brand":[],"product_cat":[108,291],"product_tag":[145,144,132],"class_list":{"0":"post-10284","1":"product","2":"type-product","3":"status-publish","4":"has-post-thumbnail","6":"product_cat-tapiceria","7":"product_cat-telas-en-stock","8":"product_tag-backing","9":"product_tag-lino","10":"product_tag-lisos","12":"first","13":"instock","14":"shipping-taxable","15":"product-type-variable"},"_links":{"self":[{"href":"https:\/\/artcasa.com.co\/index.php?rest_route=\/wp\/v2\/product\/10284","targetHints":{"allow":["GET"]}}],"collection":[{"href":"https:\/\/artcasa.com.co\/index.php?rest_route=\/wp\/v2\/product"}],"about":[{"href":"https:\/\/artcasa.com.co\/index.php?rest_route=\/wp\/v2\/types\/product"}],"wp:featuredmedia":[{"embeddable":true,"href":"https:\/\/artcasa.com.co\/index.php?rest_route=\/wp\/v2\/media\/10602"}],"wp:attachment":[{"href":"https:\/\/artcasa.com.co\/index.php?rest_route=%2Fwp%2Fv2%2Fmedia&parent=10284"}],"wp:term":[{"taxonomy":"product_brand","embeddable":true,"href":"https:\/\/artcasa.com.co\/index.php?rest_route=%2Fwp%2Fv2%2Fproduct_brand&post=10284"},{"taxonomy":"product_cat","embeddable":true,"href":"https:\/\/artcasa.com.co\/index.php?rest_route=%2Fwp%2Fv2%2Fproduct_cat&post=10284"},{"taxonomy":"product_tag","embeddable":true,"href":"https:\/\/artcasa.com.co\/index.php?rest_route=%2Fwp%2Fv2%2Fproduct_tag&post=10284"}],"curies":[{"name":"wp","href":"https:\/\/api.w.org\/{rel}","templated":true}]}}