{"id":10260,"date":"2020-05-03T16:19:00","date_gmt":"2020-05-03T16:19:00","guid":{"rendered":"https:\/\/elfolder.com\/artcasa\/?post_type=product&#038;p=10260"},"modified":"2026-04-19T00:03:02","modified_gmt":"2026-04-19T00:03:02","slug":"coleccion-berlin","status":"publish","type":"product","link":"https:\/\/artcasa.com.co\/?product=coleccion-berlin","title":{"rendered":"Colecci\u00f3n Berlin"},"content":{"rendered":"<ul>\n<li>Limpiar con un pa\u00f1o h\u00famedo suavemente.<\/li>\n<li><strong>MANCHAS<\/strong>: Absorber la mancha lo antes posible con un pa\u00f1o seco y limpiarla utilizando un pa\u00f1o empapado en agua tibia. Dejar secar al aire y evitar la exposici\u00f3n directa al sol.<\/li>\n<\/ul>\n","protected":false},"excerpt":{"rendered":"<p><span class=\"tipo-de-tejido lino-tejido-plano\" style=\"color: #b3a791;\"><span class=\"attribute-value\"><strong>Tipo de tejido:<\/strong> Sint\u00e9tico, Tejido liso<\/span><\/span><\/p>\n<table width=\"401\">\n<tbody>\n<tr>\n<td width=\"225\"><strong>Ancho:<\/strong><\/td>\n<td width=\"176\">1.40 mts<\/td>\n<\/tr>\n<tr>\n<td width=\"225\"><strong>Composici\u00f3n capa superior :<\/strong><\/td>\n<td width=\"176\">100% Policloruro de vinilo (PVC)<\/td>\n<\/tr>\n<tr>\n<td width=\"225\"><strong>Composici\u00f3n capa posterior: <\/strong><\/td>\n<td width=\"176\">100% Polyester<\/td>\n<\/tr>\n<tr>\n<td width=\"225\"><strong>Peso:<\/strong><\/td>\n<td width=\"176\">770 gr\/ml<\/td>\n<\/tr>\n<tr>\n<td width=\"225\"><strong>Tama\u00f1o de rollo:<\/strong><\/td>\n<td width=\"176\">30 mts<\/td>\n<\/tr>\n<tr>\n<td width=\"225\"><strong>Martindale:<\/strong><\/td>\n<td width=\"176\">20.000 ciclos<\/td>\n<\/tr>\n<tr>\n<td width=\"225\"><strong>Origen<\/strong><strong> :<\/strong><\/td>\n<td width=\"176\">Turqu\u00eda<\/td>\n<\/tr>\n<\/tbody>\n<\/table>\n<blockquote><p><span class=\"custom-attributes\"><span style=\"color: #808080;\"><em><span class=\"nota ligero-cambio-de-tono-en-diferentes-lotes\"><span class=\"attribute-value\">Ligero cambio de tono en diferentes lotes.<\/span><\/span><\/em><\/span><\/span><\/p><\/blockquote>\n","protected":false},"featured_media":10588,"template":"","meta":[],"product_brand":[],"product_cat":[108,291],"product_tag":[132,133,131],"class_list":{"0":"post-10260","1":"product","2":"type-product","3":"status-publish","4":"has-post-thumbnail","6":"product_cat-tapiceria","7":"product_cat-telas-en-stock","8":"product_tag-lisos","9":"product_tag-sintetico","10":"product_tag-turquia","12":"first","13":"instock","14":"shipping-taxable","15":"product-type-variable"},"_links":{"self":[{"href":"https:\/\/artcasa.com.co\/index.php?rest_route=\/wp\/v2\/product\/10260","targetHints":{"allow":["GET"]}}],"collection":[{"href":"https:\/\/artcasa.com.co\/index.php?rest_route=\/wp\/v2\/product"}],"about":[{"href":"https:\/\/artcasa.com.co\/index.php?rest_route=\/wp\/v2\/types\/product"}],"wp:featuredmedia":[{"embeddable":true,"href":"https:\/\/artcasa.com.co\/index.php?rest_route=\/wp\/v2\/media\/10588"}],"wp:attachment":[{"href":"https:\/\/artcasa.com.co\/index.php?rest_route=%2Fwp%2Fv2%2Fmedia&parent=10260"}],"wp:term":[{"taxonomy":"product_brand","embeddable":true,"href":"https:\/\/artcasa.com.co\/index.php?rest_route=%2Fwp%2Fv2%2Fproduct_brand&post=10260"},{"taxonomy":"product_cat","embeddable":true,"href":"https:\/\/artcasa.com.co\/index.php?rest_route=%2Fwp%2Fv2%2Fproduct_cat&post=10260"},{"taxonomy":"product_tag","embeddable":true,"href":"https:\/\/artcasa.com.co\/index.php?rest_route=%2Fwp%2Fv2%2Fproduct_tag&post=10260"}],"curies":[{"name":"wp","href":"https:\/\/api.w.org\/{rel}","templated":true}]}}