{"id":11119,"date":"2020-06-03T19:08:22","date_gmt":"2020-06-03T19:08:22","guid":{"rendered":"https:\/\/artcasa.com.co\/?page_id=11119"},"modified":"2020-06-03T19:17:38","modified_gmt":"2020-06-03T19:17:38","slug":"politicas-de-privacidad","status":"publish","type":"page","link":"https:\/\/artcasa.com.co\/?page_id=11119","title":{"rendered":"Pol\u00edticas de privacidad"},"content":{"rendered":"<hr \/>\n<p>ARTCASA SAS identificada con el NIT. 830.008.411-1 y direcci\u00f3n del domicilio<br \/>\nprincipal ubicado en Bogot\u00e1 (Colombia): Calle 169 N\u00b0 20 \u2013 58, tel\u00e9fono: (+571)<br \/>\n9261730, fax (+571) 9261729, correo de contacto: info@artcasa.com.co en su<br \/>\ncalidad de responsable y encargado del tratamiento, quien en adelante se<br \/>\ndenominar\u00e1 LA EMPRESA, por medio del presente Manual Interno de Pol\u00edticas<br \/>\ny Procedimientos sobre Tratamiento de Datos Personales da cumplimiento a las<br \/>\ndisposiciones de la Ley 1581 de 2012 y el Decreto 1377 de 2013 y dem\u00e1s<br \/>\nnormas aplicables.<\/p>\n<p>El objetivo de la Ley es desarrollar el derecho constitucional que tienen todas las<br \/>\npersonas a conocer, actualizar y rectificar las informaciones que se hayan<br \/>\nrecogido sobre ellas en bases de datos o archivos, y los dem\u00e1s derechos,<br \/>\nlibertades y garant\u00edas constitucionales a que se refiere el art\u00edculo 15 de la<br \/>\nConstituci\u00f3n Pol\u00edtica (derecho a la intimidad personal, familiar y al buen<br \/>\nnombre), as\u00ed como el derecho a la informaci\u00f3n consagrado en el art\u00edculo 20 de<br \/>\nla misma.<\/p>\n<p><strong>TRATAMIENTO<\/strong><\/p>\n<p>ARTCASA SAS, actuando en calidad de Responsable del Tratamiento de Datos<br \/>\npersonales, para el adecuado desarrollo de sus actividades comerciales, as\u00ed<br \/>\ncomo para el fortalecimiento de sus relaciones con terceros, recolecta,<br \/>\nalmacena, usa, circula y suprime datos personales correspondientes a personas<br \/>\nnaturales con quienes tiene o ha tenido relaci\u00f3n, tales como, sin que la<br \/>\nenumeraci\u00f3n signifique limitaci\u00f3n, empleados y familiares de \u00e9stos, aspirantes,<br \/>\naccionistas, clientes, distribuidores, proveedores, acreedores y deudores.<br \/>\nDERECHOS DE LOS TITULARES DE LOS DATOS PERSONALES<br \/>\nLas personas naturales cuyos datos personales sean objeto de tratamiento por<br \/>\nparte de LA EMPRESA, tienen los siguientes derechos, los cuales pueden<br \/>\nejercer en cualquier momento:<\/p>\n<p>a). Conocer los datos personales sobre los cuales LA EMPRESA est\u00e1<br \/>\nrealizando el Tratamiento. De igual manera, el Titular puede solicitar en<br \/>\ncualquier momento, que sus datos sean actualizados o rectificados, por ejemplo,<\/p>\n<p>si encuentra que sus datos son parciales, inexactos, incompletos, fraccionados,<br \/>\ninduzcan a error, o aquellos cuyo tratamiento est\u00e9 expresamente prohibido o no<br \/>\nhaya sido autorizado.<\/p>\n<p>b) Ser informado por LA EMPRESA, previa solicitud, respecto del uso que \u00e9sta<br \/>\nle ha dado a sus Datos personales.<\/p>\n<p>c) Presentar ante la Superintendencia de Industria y Comercio quejas por<br \/>\ninfracciones a lo dispuesto en la Ley 1581 del 2012 y a las dem\u00e1s Normas que<br \/>\nla modifiquen, adicionen, o complementen sobre la Protecci\u00f3n de Datos<br \/>\npersonales.<\/p>\n<p>e). Solicitar a LA EMPRESA la supresi\u00f3n de sus Datos personales y\/o revocar la<br \/>\nautorizaci\u00f3n otorgada para el Tratamiento de los mismos, mediante la<br \/>\npresentaci\u00f3n de un reclamo, de acuerdo con los procedimientos establecidos en<br \/>\nesta Pol\u00edtica. No obstante, la solicitud de supresi\u00f3n de la informaci\u00f3n y la<br \/>\nrevocatoria de la autorizaci\u00f3n no proceder\u00e1n cuando el Titular de la informaci\u00f3n<br \/>\ntenga un deber legal o contractual de permanecer en la Base de Datos y\/o<br \/>\nArchivos, ni mientras se encuentre vigente la relaci\u00f3n entre el Titular y LA<br \/>\nEMPRESA, en virtud de la cual fueron recolectados sus datos.<br \/>\nPara ejercer sus derechos podr\u00e1n solicitarlo mediante comunicaci\u00f3n escrita a<br \/>\ninfo@artcasa.com.co<\/p>\n<p><strong>\u00c1REA RESPONSABLE DE LA IMPLEMENTACI\u00d3N Y OBSERVANCIA DE<\/strong><br \/>\n<strong>ESTA POL\u00cdTICA<\/strong><\/p>\n<p>La direcci\u00f3n de sistemas, en conjunto con el \u00e1rea administrativa y contable tiene<br \/>\na su cargo la labor de desarrollo, implementaci\u00f3n, capacitaci\u00f3n y observancia de<br \/>\n\u00e9sta Pol\u00edtica. Para el efecto, todos los funcionarios que realizan el Tratamiento<br \/>\nde Datos personales en las diferentes \u00e1reas de LA EMPRESA, est\u00e1n obligados<br \/>\na reportar estas Bases de Datos a la direcci\u00f3n de \u00e9stas dos \u00e1reas, para dar<br \/>\ntraslado de \u00e9sta de manera inmediata, de todas las peticiones, quejas o<br \/>\nreclamos que reciban por parte de los Titulares de Datos personales. La<br \/>\ndirecci\u00f3n de sistemas, tambi\u00e9n ha sido designada por LA EMPRESA como \u00e1rea<\/p>\n<p>responsable de la atenci\u00f3n de peticiones, consultas, quejas y reclamos ante la<br \/>\ncual el titular de la informaci\u00f3n que podr\u00e1n ejercer sus derechos a conocer,<br \/>\nactualizar, rectificar y suprimir el dato y revocar la autorizaci\u00f3n.<\/p>\n<p><strong>AUTORIZACI\u00d3N<\/strong><\/p>\n<p>LA EMPRESA debe solicitar autorizaci\u00f3n previa, expresa e informada a los<br \/>\ntitulares de los datos personales sobre los que requiera realizar el tratamiento.<br \/>\na) Autorizaci\u00f3n previa significa, que el consentimiento debe ser otorgado por el<br \/>\nTitular, a m\u00e1s tardar en el momento de la recolecci\u00f3n de los datos personales.<br \/>\nb) Autorizaci\u00f3n expresa quiere decir que el consentimiento del Titular debe ser<br \/>\nexpl\u00edcito y concreto, no son v\u00e1lidas las autorizaciones abiertas y no espec\u00edficas.<br \/>\nSe requiere que el Titular manifieste su voluntad de autorizar que LA EMPRESA<br \/>\nrealice el tratamiento de sus datos personales.<\/p>\n<p><strong>PROCEDIMIENTO PARA ATENCION Y RESPUESTA A PETICIONES,<\/strong><br \/>\n<strong>CONSULTAS, QUEJAS Y RECLAMOS DE LOS TITULARES DE DATOS<\/strong><br \/>\n<strong>PERSONALES<\/strong><\/p>\n<p>Los Titulares de los Datos personales que est\u00e9n siendo recolectados,<br \/>\nalmacenados, utilizados, puestos en circulaci\u00f3n por LA EMPRESA, podr\u00e1n<br \/>\nejercer en cualquier momento sus derechos a conocer, actualizar, rectificar y<br \/>\nsuprimir informaci\u00f3n y revocar la autorizaci\u00f3n.<br \/>\nPara el efecto, se seguir\u00e1 el siguiente procedimiento, de conformidad con la Ley<br \/>\nde Protecci\u00f3n de Datos personales:<\/p>\n<p><strong>a) ATENCI\u00d3N Y RESPUESTA A PETICIONES Y CONSULTAS:<\/strong><\/p>\n<p>\u00bfEn qu\u00e9 consiste el tr\u00e1mite?: El Titular o sus causahabientes, podr\u00e1n solicitar a<br \/>\nLA EMPRESA, a trav\u00e9s de los medios indicados m\u00e1s adelante:<br \/>\n&#8211; Informaci\u00f3n sobre los Datos personales del Titular que son objeto de<br \/>\nTratamiento.<\/p>\n<p>&#8211; Solicitar prueba de la autorizaci\u00f3n otorgada a LA EMPRESA para el<br \/>\nTratamiento de sus Datos personales.<br \/>\n&#8211; Informaci\u00f3n respecto del uso que se le ha dado por LA EMPRESA a<br \/>\nsus datos personales.<\/p>\n<p>Medios habilitados para la presentaci\u00f3n de peticiones y consultas:<br \/>\nLA EMPRESA ha dispuesto los siguientes medios para la recepci\u00f3n y atenci\u00f3n<br \/>\nde peticiones y consultas, todos los cuales permiten conservar prueba de las<br \/>\nmismas:<\/p>\n<p>&#8211; Comunicaci\u00f3n dirigida a ARTCASA SAS . Direcci\u00f3n de sistemas, Calle<br \/>\n169 20 58 Bogot\u00e1.<br \/>\n&#8211; Solicitud presentada al correo electr\u00f3nico: info@artcasa.com.co<br \/>\nAtenci\u00f3n y respuesta por parte de LA EMPRESA:<br \/>\nLas peticiones y consultas ser\u00e1n atendidas en un t\u00e9rmino m\u00e1ximo de diez (10) d\u00edas<br \/>\nh\u00e1biles contados a partir de la fecha de recibo de las mismas. Cuando no fuere<br \/>\nposible atender la petici\u00f3n o consulta dentro de dicho t\u00e9rmino, se informar\u00e1 al<br \/>\ninteresado, expresando los motivos de la demora y se\u00f1alando la fecha en que se<br \/>\natender\u00e1 su petici\u00f3n o consulta, la cual en ning\u00fan caso podr\u00e1 superar los cinco (5)<br \/>\nd\u00edas h\u00e1biles siguientes al vencimiento del primer t\u00e9rmino.<\/p>\n<p><strong>SEGURIDAD DE LOS DATOS PERSONALES<\/strong><\/p>\n<p>LA EMPRESA, en estricta aplicaci\u00f3n del Principio de Seguridad en el Tratamiento<br \/>\nde Datos personales, proporcionar\u00e1 las medidas t\u00e9cnicas, humanas y<br \/>\nadministrativas que sean necesarias para otorgar seguridad a los registros<br \/>\nevitando su adulteraci\u00f3n, p\u00e9rdida, consulta, uso o acceso no autorizado o<br \/>\nfraudulento. La obligaci\u00f3n y responsabilidad de LA EMPRESA se limita a<br \/>\ndisponer de los medios adecuados para este fin. LA EMPRESA no garantiza la<br \/>\nseguridad total de su informaci\u00f3n ni se responsabiliza por cualquier consecuencia<br \/>\nderivada de fallas t\u00e9cnicas o del ingreso indebido por parte de terceros a la Base<br \/>\nde Datos o Archivo en los que reposan los Datos personales objeto de<br \/>\nTratamiento por parte de LA EMPRESA y sus Encargados. LA EMPRESA exigir\u00e1<br \/>\na los proveedores de servicios que contrata, la adopci\u00f3n y cumplimiento de las<\/p>\n<p>medidas t\u00e9cnicas, humanas y administrativas adecuadas para la protecci\u00f3n de<br \/>\nlos Datos personales en relaci\u00f3n con los cuales dichos proveedores act\u00faen como<br \/>\nEncargados.<\/p>\n<p><strong>LEGISLACI\u00d3N APLICABLE<\/strong><\/p>\n<p>Esta Pol\u00edtica de Protecci\u00f3n de Datos personales, se rigen por lo dispuesto en la<br \/>\nlegislaci\u00f3n vigente sobre protecci\u00f3n de los Datos personales a los que se refieren<br \/>\nel Articulo 15 de la Constituci\u00f3n Pol\u00edtica de Colombia, la Ley 1266 de 2008, la Ley<br \/>\n1581 de 2012, el Decreto 1377 de 2013, el Decreto 1727 de 2009 y dem\u00e1s<br \/>\nnormas que las modifiquen, deroguen o sustituyan.<\/p>\n<p><strong>VIGENCIA<\/strong><\/p>\n<p>Esta Pol\u00edtica de Protecci\u00f3n de Datos personales est\u00e1 vigente desde mayo del<br \/>\na\u00f1o en curso (2020)<\/p>\n","protected":false},"excerpt":{"rendered":"<p>ARTCASA SAS identificada con el NIT. 830.008.411-1 y direcci\u00f3n del domicilio principal ubicado en Bogot\u00e1 (Colombia): Calle 169 N\u00b0 20 \u2013 58, tel\u00e9fono: (+571) 9261730, fax (+571) 9261729, correo de contacto: info@artcasa.com.co en su calidad de responsable y encargado del tratamiento, quien en adelante se denominar\u00e1 LA EMPRESA, por medio del presente Manual Interno de [&hellip;]<\/p>\n","protected":false},"author":1,"featured_media":0,"parent":0,"menu_order":0,"comment_status":"closed","ping_status":"closed","template":"","meta":{"footnotes":""},"class_list":["post-11119","page","type-page","status-publish","hentry"],"_links":{"self":[{"href":"https:\/\/artcasa.com.co\/index.php?rest_route=\/wp\/v2\/pages\/11119","targetHints":{"allow":["GET"]}}],"collection":[{"href":"https:\/\/artcasa.com.co\/index.php?rest_route=\/wp\/v2\/pages"}],"about":[{"href":"https:\/\/artcasa.com.co\/index.php?rest_route=\/wp\/v2\/types\/page"}],"author":[{"embeddable":true,"href":"https:\/\/artcasa.com.co\/index.php?rest_route=\/wp\/v2\/users\/1"}],"replies":[{"embeddable":true,"href":"https:\/\/artcasa.com.co\/index.php?rest_route=%2Fwp%2Fv2%2Fcomments&post=11119"}],"version-history":[{"count":3,"href":"https:\/\/artcasa.com.co\/index.php?rest_route=\/wp\/v2\/pages\/11119\/revisions"}],"predecessor-version":[{"id":11127,"href":"https:\/\/artcasa.com.co\/index.php?rest_route=\/wp\/v2\/pages\/11119\/revisions\/11127"}],"wp:attachment":[{"href":"https:\/\/artcasa.com.co\/index.php?rest_route=%2Fwp%2Fv2%2Fmedia&parent=11119"}],"curies":[{"name":"wp","href":"https:\/\/api.w.org\/{rel}","templated":true}]}}